{"id":157,"date":"2018-09-02T19:07:46","date_gmt":"2018-09-02T17:07:46","guid":{"rendered":"http:\/\/www.parrocchiabreganzona.ch\/?page_id=157"},"modified":"2026-01-25T09:29:51","modified_gmt":"2026-01-25T08:29:51","slug":"orario-delle-sante-messe","status":"publish","type":"page","link":"https:\/\/www.parrocchiabreganzona.ch\/index.php\/orario-delle-sante-messe\/","title":{"rendered":"Orario Sante Messe e Celebrazioni liturgiche"},"content":{"rendered":"<table style=\"width: 100%; border-collapse: collapse;\" border=\"1\" cellpadding=\"10px\">\n<tbody>\n<tr>\n<td style=\"padding: 10px; vertical-align: top;\"><span style=\"font-size: 12pt;\"><strong>Sabato e vigilia di feste<\/strong><\/span><\/td>\n<td style=\"padding: 10px; vertical-align: top;\"><span style=\"font-size: 12pt;\">ore <strong>17.15<br \/>\n<\/strong>ore <strong>18.00<\/strong><\/span><\/td>\n<td style=\"padding: 10px; vertical-align: top;\">Chiesa della Trasfigurazione del Signore- Breganzona<br \/>\nOratorio di S. Andrea &#8211; Agnuzzo<\/td>\n<\/tr>\n<tr>\n<td style=\"padding: 10px; vertical-align: top;\"><span style=\"font-size: 12pt;\"><strong>Domenica e giorni festivi<\/strong><\/span><\/td>\n<td style=\"padding: 10px; vertical-align: top;\"><span style=\"font-size: 12pt;\">ore <strong>09.45<br \/>\n<\/strong>ore <strong>10.45<\/strong><\/span><br \/>\n<span style=\"font-size: 12pt;\">ore <strong>18.00<\/strong><\/span><\/td>\n<td style=\"padding: 10px; vertical-align: top;\">Chiesa dell&#8217; Annunciazione di Maria Santissima &#8211; Muzzano<br \/>\nChiesa della Trasfigurazione del Signore &#8211; Breganzona<br \/>\nOratorio di San Sebastiano &#8211; Breganzona<\/td>\n<\/tr>\n<tr>\n<td style=\"padding: 10px; vertical-align: top;\" rowspan=\"3\"><span style=\"font-size: 12pt;\"><strong>Messe feriali<\/strong><\/span><br \/>\n<span style=\"font-size: 12pt;\"><strong><br \/>\n<\/strong><\/span><\/td>\n<td style=\"padding: 10px; vertical-align: top; border-bottom: 0px;\"><span style=\"font-size: 12pt;\">ore\u00a0<strong>08.30<\/strong><\/span><\/td>\n<td style=\"padding: 10px; vertical-align: top; border-bottom: 0px;\"><strong>luned\u00ec, marted\u00ec, mercoled\u00ec, venerd\u00ec<\/strong><br \/>\nChiesa della Trasfigurazione del Signore &#8211; Breganzona<\/td>\n<\/tr>\n<tr>\n<td style=\"padding: 10px; vertical-align: top; border-top: 0px; border-bottom: 0px;\"><span style=\"font-size: 12pt;\">ore <strong>09.00<\/strong><\/span><\/td>\n<td style=\"padding: 10px; vertical-align: top; border-top: 0px; border-bottom: 0px;\"><strong>gioved\u00ec<\/strong> (nel periodo scolastico)<br \/>\nChiesa della Trasfigurazione del Signore &#8211; Breganzona<br \/>\nRosario e S. Messa (preghiera per la famiglia,<br \/>\nper la vita e per gli ammalati, gruppo S. Gianna)<\/td>\n<\/tr>\n<tr>\n<td style=\"padding: 10px; vertical-align: top;\">ore <strong style=\"font-size: 12pt;\">08.30<\/strong><\/td>\n<td style=\"padding: 10px; vertical-align: top;\"><strong>gioved\u00ec<\/strong> (durante le vacanze scolastiche)<br \/>\nChiesa della Trasfigurazione del Signore &#8211; Breganzona<\/td>\n<\/tr>\n<tr>\n<td style=\"padding: 10px; vertical-align: top;\"><span style=\"font-size: 12pt;\"><strong>Confessioni<\/strong><\/span><\/td>\n<td style=\"padding: 10px; vertical-align: top;\" colspan=\"2\">Chiesa della Trasfigurazione del Signore:<br \/>\n<strong>sabato<\/strong> dalle ore <strong>16.00<\/strong> alle ore <strong>16.45<\/strong><\/td>\n<\/tr>\n<tr>\n<td style=\"padding: 10px; vertical-align: top;\"><strong>Adorazione eucaristica<\/strong><\/td>\n<td style=\"padding: 10px; vertical-align: top;\" colspan=\"2\">Chiesa della Trasfigurazione del Signore:<br \/>\n<strong>primo venerd\u00ec<\/strong> di ogni mese dalle ore <strong>09.00<\/strong> alle ore <strong><strong>09.30<\/strong><\/strong><\/td>\n<\/tr>\n<\/tbody>\n<\/table>\n<p><strong>N.B.<\/strong>: Durante i mesi invernali, <strong>a partire dalla seconda settimana di novembre<\/strong> (dopo la chiusura dell&#8217;ottavario dei defunti) e quale misura di risparmio energetico e finanziario, <strong>le S. Messe saranno celebrate tutte nella Chiesa della Trasfigurazione del Signore<\/strong>. Saranno <strong>riprese a San Quirico<\/strong> a partire dal <strong>Venerd\u00ec Santo<\/strong> con la celebrazione della Passione e morte di nostro Signore Ges\u00f9 Cristo e a <strong>San Sebastiano<\/strong> a partire dalla <strong>Domenica di Pasqua<\/strong>, alle ore 18.00.<\/p>\n<p>Per possibili cambiamenti e annullamenti, consultare l&#8217;albo parrocchiale e il sito web della parrocchia.<\/p>\n<h2>Segreteria Parrocchiale<\/h2>\n<p><strong>Nel periodo scolastico<\/strong> \u00e8 aperta tutti i <strong>mercoled\u00ec mattina dalle ore 08.30 alle 11.30<\/strong>, con la presenza di una persona volontaria (Giovanna Monti) che funge da segretaria per la parrocchia e pu\u00f2 rispondere a tutte le questioni di carattere organizzativo-pastorale.<\/p>\n","protected":false},"excerpt":{"rendered":"<p>Sabato e vigilia di feste ore 17.15 ore 18.00 Chiesa della Trasfigurazione del Signore- Breganzona Oratorio di S. Andrea &#8211; Agnuzzo Domenica e giorni festivi ore 09.45 ore 10.45 ore 18.00 Chiesa dell&#8217; Annunciazione di Maria Santissima &#8211; Muzzano Chiesa &hellip; <a href=\"https:\/\/www.parrocchiabreganzona.ch\/index.php\/orario-delle-sante-messe\/\">Continua<\/a><\/p>\n","protected":false},"author":1,"featured_media":0,"parent":0,"menu_order":0,"comment_status":"closed","ping_status":"closed","template":"","meta":{"kt_blocks_editor_width":"","footnotes":""},"class_list":["post-157","page","type-page","status-publish","hentry"],"_links":{"self":[{"href":"https:\/\/www.parrocchiabreganzona.ch\/index.php\/wp-json\/wp\/v2\/pages\/157","targetHints":{"allow":["GET"]}}],"collection":[{"href":"https:\/\/www.parrocchiabreganzona.ch\/index.php\/wp-json\/wp\/v2\/pages"}],"about":[{"href":"https:\/\/www.parrocchiabreganzona.ch\/index.php\/wp-json\/wp\/v2\/types\/page"}],"author":[{"embeddable":true,"href":"https:\/\/www.parrocchiabreganzona.ch\/index.php\/wp-json\/wp\/v2\/users\/1"}],"replies":[{"embeddable":true,"href":"https:\/\/www.parrocchiabreganzona.ch\/index.php\/wp-json\/wp\/v2\/comments?post=157"}],"version-history":[{"count":29,"href":"https:\/\/www.parrocchiabreganzona.ch\/index.php\/wp-json\/wp\/v2\/pages\/157\/revisions"}],"predecessor-version":[{"id":2521,"href":"https:\/\/www.parrocchiabreganzona.ch\/index.php\/wp-json\/wp\/v2\/pages\/157\/revisions\/2521"}],"wp:attachment":[{"href":"https:\/\/www.parrocchiabreganzona.ch\/index.php\/wp-json\/wp\/v2\/media?parent=157"}],"curies":[{"name":"wp","href":"https:\/\/api.w.org\/{rel}","templated":true}]}}