{"id":182,"date":"2018-09-02T20:09:43","date_gmt":"2018-09-02T18:09:43","guid":{"rendered":"http:\/\/www.parrocchiabreganzona.ch\/?page_id=182"},"modified":"2018-09-02T20:09:43","modified_gmt":"2018-09-02T18:09:43","slug":"matrimonio","status":"publish","type":"page","link":"https:\/\/www.parrocchiabreganzona.ch\/index.php\/matrimonio\/","title":{"rendered":"Matrimonio"},"content":{"rendered":"<p>La celebrazione del matrimonio deve essere preceduta da un corso obbligatorio di formazione pre-matrimoniale organizzato dal Vicariato, previa iscrizione effettuata direttamente dal parroco. Ne seguono, con largo anticipo, la compilazione dei documenti e la preparazione della funzione religiosa con il parroco o con il sacerdote celebrante.<br \/>\nPer tale sacramento viene raccomandata la sobriet\u00e0 nel decorare la chiesa, la discrezione nelle riprese fotografiche e la scelta di musiche e canti adatti alla celebrazione. Non viene permesso l&#8217;uso di riso sul sagrato: pu\u00f2 essere sostituito con elementi facilmente rimovibili. Come \u00e8 tradizione, \u00e8 possibile usufruire del portico della chiesa di San Quirico per un eventuale aperitivo, come \u00e8 altres\u00ec possibile il noleggio del salone parrocchiale, chiaramente per i matrimoni celebrati in parrocchia.<br \/>\nDi regola viene celebrato un solo matrimonio per giornata.<\/p>\n<p>&nbsp;<\/p>\n<h1>Post Matrimonio<\/h1>\n<p>Alle coppie di sposi domiciliate nella nostra parrocchia, viene proposto, in segno di unit\u00e0, un coinvolgimento con le varie attivit\u00e0 e iniziative, a continuazione di una formazione umana e cristiana.<\/p>\n","protected":false},"excerpt":{"rendered":"<p>La celebrazione del matrimonio deve essere preceduta da un corso obbligatorio di formazione pre-matrimoniale organizzato dal Vicariato, previa iscrizione effettuata direttamente dal parroco. Ne seguono, con largo anticipo, la compilazione dei documenti e la preparazione della funzione religiosa con il &hellip; <a href=\"https:\/\/www.parrocchiabreganzona.ch\/index.php\/matrimonio\/\">Continua<\/a><\/p>\n","protected":false},"author":1,"featured_media":0,"parent":0,"menu_order":0,"comment_status":"closed","ping_status":"closed","template":"","meta":{"kt_blocks_editor_width":"","footnotes":""},"class_list":["post-182","page","type-page","status-publish","hentry"],"_links":{"self":[{"href":"https:\/\/www.parrocchiabreganzona.ch\/index.php\/wp-json\/wp\/v2\/pages\/182","targetHints":{"allow":["GET"]}}],"collection":[{"href":"https:\/\/www.parrocchiabreganzona.ch\/index.php\/wp-json\/wp\/v2\/pages"}],"about":[{"href":"https:\/\/www.parrocchiabreganzona.ch\/index.php\/wp-json\/wp\/v2\/types\/page"}],"author":[{"embeddable":true,"href":"https:\/\/www.parrocchiabreganzona.ch\/index.php\/wp-json\/wp\/v2\/users\/1"}],"replies":[{"embeddable":true,"href":"https:\/\/www.parrocchiabreganzona.ch\/index.php\/wp-json\/wp\/v2\/comments?post=182"}],"version-history":[{"count":3,"href":"https:\/\/www.parrocchiabreganzona.ch\/index.php\/wp-json\/wp\/v2\/pages\/182\/revisions"}],"predecessor-version":[{"id":185,"href":"https:\/\/www.parrocchiabreganzona.ch\/index.php\/wp-json\/wp\/v2\/pages\/182\/revisions\/185"}],"wp:attachment":[{"href":"https:\/\/www.parrocchiabreganzona.ch\/index.php\/wp-json\/wp\/v2\/media?parent=182"}],"curies":[{"name":"wp","href":"https:\/\/api.w.org\/{rel}","templated":true}]}}